{"id":11545,"date":"2023-10-12T04:05:14","date_gmt":"2023-10-12T04:05:14","guid":{"rendered":"https:\/\/policlinicamariainmaculada.com\/?page_id=11545"},"modified":"2025-05-27T23:24:45","modified_gmt":"2025-05-27T23:24:45","slug":"promociones","status":"publish","type":"page","link":"https:\/\/policlinicamariainmaculada.com\/index.php\/promociones\/","title":{"rendered":"PROMOCIONES"},"content":{"rendered":"\t\t<div data-elementor-type=\"wp-page\" data-elementor-id=\"11545\" class=\"elementor elementor-11545\">\n\t\t\t\t\t\t<section class=\"elementor-section elementor-top-section elementor-element elementor-element-5b9bf27 elementor-section-boxed elementor-section-height-default elementor-section-height-default\" data-id=\"5b9bf27\" data-element_type=\"section\" data-settings=\"{&quot;background_background&quot;:&quot;gradient&quot;}\">\n\t\t\t\t\t\t<div class=\"elementor-container elementor-column-gap-default\">\n\t\t\t\t\t<div class=\"elementor-column elementor-col-100 elementor-top-column elementor-element elementor-element-c2ff901\" data-id=\"c2ff901\" data-element_type=\"column\">\n\t\t\t<div class=\"elementor-widget-wrap elementor-element-populated\">\n\t\t\t\t\t\t<div class=\"elementor-element elementor-element-49e52bb elementor-widget elementor-widget-heading\" data-id=\"49e52bb\" data-element_type=\"widget\" data-widget_type=\"heading.default\">\n\t\t\t\t<div class=\"elementor-widget-container\">\n\t\t\t\t\t<h2 class=\"elementor-heading-title elementor-size-default\">PROMONES DEL MES <\/h2>\t\t\t\t<\/div>\n\t\t\t\t<\/div>\n\t\t\t\t\t<\/div>\n\t\t<\/div>\n\t\t\t\t\t<\/div>\n\t\t<\/section>\n\t\t\t\t<section class=\"elementor-section elementor-top-section elementor-element elementor-element-69d8ecf elementor-section-boxed elementor-section-height-default elementor-section-height-default\" data-id=\"69d8ecf\" data-element_type=\"section\">\n\t\t\t\t\t\t<div class=\"elementor-container elementor-column-gap-default\">\n\t\t\t\t\t<div class=\"elementor-column elementor-col-100 elementor-top-column elementor-element elementor-element-78bd356\" data-id=\"78bd356\" data-element_type=\"column\">\n\t\t\t<div class=\"elementor-widget-wrap elementor-element-populated\">\n\t\t\t\t\t\t<div class=\"elementor-element elementor-element-54b57a2 elementor-widget elementor-widget-heading\" data-id=\"54b57a2\" data-element_type=\"widget\" data-widget_type=\"heading.default\">\n\t\t\t\t<div class=\"elementor-widget-container\">\n\t\t\t\t\t<h3 class=\"elementor-heading-title elementor-size-default\">En Farmacia Mar\u00eda Inmaculada siempre estamos pensando en tu bienestar econ\u00f3mico y en el bienestar de tu salud aprovecha esta nueva promoci\u00f3n con nosotros. <\/h3>\t\t\t\t<\/div>\n\t\t\t\t<\/div>\n\t\t\t\t\t<\/div>\n\t\t<\/div>\n\t\t\t\t\t<\/div>\n\t\t<\/section>\n\t\t\t\t<section class=\"elementor-section elementor-top-section elementor-element elementor-element-8b9aaae elementor-section-boxed elementor-section-height-default elementor-section-height-default\" data-id=\"8b9aaae\" data-element_type=\"section\">\n\t\t\t\t\t\t<div class=\"elementor-container elementor-column-gap-default\">\n\t\t\t\t\t<div class=\"elementor-column elementor-col-33 elementor-top-column elementor-element elementor-element-8b12c5d\" data-id=\"8b12c5d\" data-element_type=\"column\">\n\t\t\t<div class=\"elementor-widget-wrap elementor-element-populated\">\n\t\t\t\t\t\t<div class=\"elementor-element elementor-element-f4e66af elementor-widget elementor-widget-image\" data-id=\"f4e66af\" data-element_type=\"widget\" data-widget_type=\"image.default\">\n\t\t\t\t<div class=\"elementor-widget-container\">\n\t\t\t\t\t\t\t\t\t\t\t\t\t\t\t<img decoding=\"async\" src=\"http:\/\/policlinicamariainmaculada.com\/wp-content\/uploads\/2025\/05\/sorteo1.jpg\" title=\"\" alt=\"\" loading=\"lazy\" \/>\t\t\t\t\t\t\t\t\t\t\t\t\t\t\t<\/div>\n\t\t\t\t<\/div>\n\t\t\t\t\t<\/div>\n\t\t<\/div>\n\t\t\t\t<div class=\"elementor-column elementor-col-33 elementor-top-column elementor-element elementor-element-d242546\" data-id=\"d242546\" data-element_type=\"column\">\n\t\t\t<div class=\"elementor-widget-wrap elementor-element-populated\">\n\t\t\t\t\t\t<div class=\"elementor-element elementor-element-c5b2e92 elementor-widget elementor-widget-image\" data-id=\"c5b2e92\" data-element_type=\"widget\" data-widget_type=\"image.default\">\n\t\t\t\t<div class=\"elementor-widget-container\">\n\t\t\t\t\t\t\t\t\t\t\t\t\t\t\t<img decoding=\"async\" src=\"http:\/\/policlinicamariainmaculada.com\/wp-content\/uploads\/2025\/05\/premios.jpg\" title=\"\" alt=\"\" loading=\"lazy\" \/>\t\t\t\t\t\t\t\t\t\t\t\t\t\t\t<\/div>\n\t\t\t\t<\/div>\n\t\t\t\t\t<\/div>\n\t\t<\/div>\n\t\t\t\t<div class=\"elementor-column elementor-col-33 elementor-top-column elementor-element elementor-element-72b7049\" data-id=\"72b7049\" data-element_type=\"column\">\n\t\t\t<div class=\"elementor-widget-wrap elementor-element-populated\">\n\t\t\t\t\t\t<div class=\"elementor-element elementor-element-bc00747 elementor-widget elementor-widget-image\" data-id=\"bc00747\" data-element_type=\"widget\" data-widget_type=\"image.default\">\n\t\t\t\t<div class=\"elementor-widget-container\">\n\t\t\t\t\t\t\t\t\t\t\t\t\t\t\t<img decoding=\"async\" src=\"http:\/\/policlinicamariainmaculada.com\/wp-content\/uploads\/2025\/05\/promo.jpg\" title=\"\" alt=\"\" loading=\"lazy\" \/>\t\t\t\t\t\t\t\t\t\t\t\t\t\t\t<\/div>\n\t\t\t\t<\/div>\n\t\t\t\t\t<\/div>\n\t\t<\/div>\n\t\t\t\t\t<\/div>\n\t\t<\/section>\n\t\t\t\t<section class=\"elementor-section elementor-top-section elementor-element elementor-element-254bb77 elementor-section-boxed elementor-section-height-default elementor-section-height-default\" data-id=\"254bb77\" data-element_type=\"section\" data-settings=\"{&quot;background_background&quot;:&quot;gradient&quot;}\">\n\t\t\t\t\t\t<div class=\"elementor-container elementor-column-gap-default\">\n\t\t\t\t\t<div class=\"elementor-column elementor-col-100 elementor-top-column elementor-element elementor-element-1cbeb57\" data-id=\"1cbeb57\" data-element_type=\"column\">\n\t\t\t<div class=\"elementor-widget-wrap elementor-element-populated\">\n\t\t\t\t\t\t<div class=\"elementor-element elementor-element-095172f elementor-widget elementor-widget-image\" data-id=\"095172f\" data-element_type=\"widget\" data-widget_type=\"image.default\">\n\t\t\t\t<div class=\"elementor-widget-container\">\n\t\t\t\t\t\t\t\t\t\t\t\t\t\t\t<img fetchpriority=\"high\" decoding=\"async\" width=\"940\" height=\"788\" src=\"https:\/\/policlinicamariainmaculada.com\/wp-content\/uploads\/2024\/09\/Nido.jpg\" class=\"attachment-large size-large wp-image-13808\" alt=\"\" srcset=\"https:\/\/policlinicamariainmaculada.com\/wp-content\/uploads\/2024\/09\/Nido.jpg 940w, https:\/\/policlinicamariainmaculada.com\/wp-content\/uploads\/2024\/09\/Nido-300x251.jpg 300w, https:\/\/policlinicamariainmaculada.com\/wp-content\/uploads\/2024\/09\/Nido-768x644.jpg 768w\" sizes=\"(max-width: 940px) 100vw, 940px\" \/>\t\t\t\t\t\t\t\t\t\t\t\t\t\t\t<\/div>\n\t\t\t\t<\/div>\n\t\t\t\t\t<\/div>\n\t\t<\/div>\n\t\t\t\t\t<\/div>\n\t\t<\/section>\n\t\t\t\t<section class=\"elementor-section elementor-top-section elementor-element elementor-element-b0ec7b8 elementor-section-boxed elementor-section-height-default elementor-section-height-default\" data-id=\"b0ec7b8\" data-element_type=\"section\">\n\t\t\t\t\t\t<div class=\"elementor-container elementor-column-gap-default\">\n\t\t\t\t\t<div class=\"elementor-column elementor-col-50 elementor-top-column elementor-element elementor-element-f13edfc\" data-id=\"f13edfc\" data-element_type=\"column\">\n\t\t\t<div class=\"elementor-widget-wrap elementor-element-populated\">\n\t\t\t\t\t\t<div class=\"elementor-element elementor-element-6da6f4c elementor-widget elementor-widget-image\" data-id=\"6da6f4c\" data-element_type=\"widget\" data-widget_type=\"image.default\">\n\t\t\t\t<div class=\"elementor-widget-container\">\n\t\t\t\t\t\t\t\t\t\t\t\t\t\t\t\t<a href=\"http:\/\/policlinicamariainmaculada.com\/wp-content\/uploads\/2024\/08\/Image-2024-08-10-at-9.27.06-AM.jpg\" data-elementor-open-lightbox=\"yes\" data-elementor-lightbox-title=\"Image 2024-08-10 at 9.27.06 AM\" data-e-action-hash=\"#elementor-action%3Aaction%3Dlightbox%26settings%3DeyJpZCI6MTM2OTUsInVybCI6Imh0dHBzOlwvXC9wb2xpY2xpbmljYW1hcmlhaW5tYWN1bGFkYS5jb21cL3dwLWNvbnRlbnRcL3VwbG9hZHNcLzIwMjRcLzA4XC9JbWFnZS0yMDI0LTA4LTEwLWF0LTkuMjcuMDYtQU0uanBnIn0%3D\">\n\t\t\t\t\t\t\t<img decoding=\"async\" width=\"720\" height=\"715\" src=\"https:\/\/policlinicamariainmaculada.com\/wp-content\/uploads\/2024\/08\/Image-2024-08-10-at-9.27.06-AM.jpg\" class=\"attachment-large size-large wp-image-13695\" alt=\"\" srcset=\"https:\/\/policlinicamariainmaculada.com\/wp-content\/uploads\/2024\/08\/Image-2024-08-10-at-9.27.06-AM.jpg 720w, https:\/\/policlinicamariainmaculada.com\/wp-content\/uploads\/2024\/08\/Image-2024-08-10-at-9.27.06-AM-300x298.jpg 300w, https:\/\/policlinicamariainmaculada.com\/wp-content\/uploads\/2024\/08\/Image-2024-08-10-at-9.27.06-AM-150x150.jpg 150w, https:\/\/policlinicamariainmaculada.com\/wp-content\/uploads\/2024\/08\/Image-2024-08-10-at-9.27.06-AM-80x80.jpg 80w\" sizes=\"(max-width: 720px) 100vw, 720px\" \/>\t\t\t\t\t\t\t\t<\/a>\n\t\t\t\t\t\t\t\t\t\t\t\t\t\t\t<\/div>\n\t\t\t\t<\/div>\n\t\t\t\t\t<\/div>\n\t\t<\/div>\n\t\t\t\t<div class=\"elementor-column elementor-col-50 elementor-top-column elementor-element elementor-element-b42119e\" data-id=\"b42119e\" data-element_type=\"column\">\n\t\t\t<div class=\"elementor-widget-wrap elementor-element-populated\">\n\t\t\t\t\t\t<div class=\"elementor-element elementor-element-1dc0b86 elementor-widget elementor-widget-image\" data-id=\"1dc0b86\" data-element_type=\"widget\" data-widget_type=\"image.default\">\n\t\t\t\t<div class=\"elementor-widget-container\">\n\t\t\t\t\t\t\t\t\t\t\t\t\t\t\t\t<a href=\"http:\/\/policlinicamariainmaculada.com\/wp-content\/uploads\/2024\/07\/452926090_1010433574418070_920788022237426225_n.jpg\" data-elementor-open-lightbox=\"yes\" data-e-action-hash=\"#elementor-action%3Aaction%3Dlightbox%26settings%3DeyJpZCI6MTM1NzQsInVybCI6Imh0dHBzOlwvXC9wb2xpY2xpbmljYW1hcmlhaW5tYWN1bGFkYS5jb21cL3dwLWNvbnRlbnRcL3VwbG9hZHNcLzIwMjRcLzA3XC80NTI5MjYwOTBfMTAxMDQzMzU3NDQxODA3MF85MjA3ODgwMjIyMzc0MjYyMjVfbi5qcGcifQ%3D%3D\">\n\t\t\t\t\t\t\t<img decoding=\"async\" width=\"526\" height=\"526\" src=\"https:\/\/policlinicamariainmaculada.com\/wp-content\/uploads\/2024\/07\/452926090_1010433574418070_920788022237426225_n.jpg\" class=\"attachment-large size-large wp-image-13574\" alt=\"\" srcset=\"https:\/\/policlinicamariainmaculada.com\/wp-content\/uploads\/2024\/07\/452926090_1010433574418070_920788022237426225_n.jpg 526w, https:\/\/policlinicamariainmaculada.com\/wp-content\/uploads\/2024\/07\/452926090_1010433574418070_920788022237426225_n-300x300.jpg 300w, https:\/\/policlinicamariainmaculada.com\/wp-content\/uploads\/2024\/07\/452926090_1010433574418070_920788022237426225_n-150x150.jpg 150w, https:\/\/policlinicamariainmaculada.com\/wp-content\/uploads\/2024\/07\/452926090_1010433574418070_920788022237426225_n-80x80.jpg 80w\" sizes=\"(max-width: 526px) 100vw, 526px\" \/>\t\t\t\t\t\t\t\t<\/a>\n\t\t\t\t\t\t\t\t\t\t\t\t\t\t\t<\/div>\n\t\t\t\t<\/div>\n\t\t\t\t\t<\/div>\n\t\t<\/div>\n\t\t\t\t\t<\/div>\n\t\t<\/section>\n\t\t\t\t<section class=\"elementor-section elementor-top-section elementor-element elementor-element-f260e15 elementor-section-boxed elementor-section-height-default elementor-section-height-default\" data-id=\"f260e15\" data-element_type=\"section\">\n\t\t\t\t\t\t<div class=\"elementor-container elementor-column-gap-default\">\n\t\t\t\t\t<div class=\"elementor-column elementor-col-50 elementor-top-column elementor-element elementor-element-7d78edb\" data-id=\"7d78edb\" data-element_type=\"column\">\n\t\t\t<div class=\"elementor-widget-wrap elementor-element-populated\">\n\t\t\t\t\t\t<div class=\"elementor-element elementor-element-fd82e98 elementor-widget elementor-widget-image\" data-id=\"fd82e98\" data-element_type=\"widget\" data-widget_type=\"image.default\">\n\t\t\t\t<div class=\"elementor-widget-container\">\n\t\t\t\t\t\t\t\t\t\t\t\t\t\t\t\t<a href=\"http:\/\/policlinicamariainmaculada.com\/wp-content\/uploads\/2024\/08\/image1.jpg\" data-elementor-open-lightbox=\"yes\" data-e-action-hash=\"#elementor-action%3Aaction%3Dlightbox%26settings%3DeyJpZCI6MTM3MTcsInVybCI6Imh0dHBzOlwvXC9wb2xpY2xpbmljYW1hcmlhaW5tYWN1bGFkYS5jb21cL3dwLWNvbnRlbnRcL3VwbG9hZHNcLzIwMjRcLzA4XC9pbWFnZTEuanBnIn0%3D\">\n\t\t\t\t\t\t\t<img loading=\"lazy\" decoding=\"async\" width=\"922\" height=\"1024\" src=\"https:\/\/policlinicamariainmaculada.com\/wp-content\/uploads\/2024\/08\/image1-922x1024.jpg\" class=\"attachment-large size-large wp-image-13717\" alt=\"\" srcset=\"https:\/\/policlinicamariainmaculada.com\/wp-content\/uploads\/2024\/08\/image1-922x1024.jpg 922w, https:\/\/policlinicamariainmaculada.com\/wp-content\/uploads\/2024\/08\/image1-270x300.jpg 270w, https:\/\/policlinicamariainmaculada.com\/wp-content\/uploads\/2024\/08\/image1-768x853.jpg 768w, https:\/\/policlinicamariainmaculada.com\/wp-content\/uploads\/2024\/08\/image1-1382x1536.jpg 1382w, https:\/\/policlinicamariainmaculada.com\/wp-content\/uploads\/2024\/08\/image1.jpg 1843w\" sizes=\"(max-width: 922px) 100vw, 922px\" \/>\t\t\t\t\t\t\t\t<\/a>\n\t\t\t\t\t\t\t\t\t\t\t\t\t\t\t<\/div>\n\t\t\t\t<\/div>\n\t\t\t\t\t<\/div>\n\t\t<\/div>\n\t\t\t\t<div class=\"elementor-column elementor-col-50 elementor-top-column elementor-element elementor-element-968d1d7\" data-id=\"968d1d7\" data-element_type=\"column\">\n\t\t\t<div class=\"elementor-widget-wrap elementor-element-populated\">\n\t\t\t\t\t\t<div class=\"elementor-element elementor-element-07eefb9 elementor-widget elementor-widget-image\" data-id=\"07eefb9\" data-element_type=\"widget\" data-widget_type=\"image.default\">\n\t\t\t\t<div class=\"elementor-widget-container\">\n\t\t\t\t\t\t\t\t\t\t\t\t\t\t\t<img loading=\"lazy\" decoding=\"async\" width=\"922\" height=\"1024\" src=\"https:\/\/policlinicamariainmaculada.com\/wp-content\/uploads\/2024\/08\/image3-922x1024.jpg\" class=\"attachment-large size-large wp-image-13721\" alt=\"\" srcset=\"https:\/\/policlinicamariainmaculada.com\/wp-content\/uploads\/2024\/08\/image3-922x1024.jpg 922w, https:\/\/policlinicamariainmaculada.com\/wp-content\/uploads\/2024\/08\/image3-270x300.jpg 270w, https:\/\/policlinicamariainmaculada.com\/wp-content\/uploads\/2024\/08\/image3-768x853.jpg 768w, https:\/\/policlinicamariainmaculada.com\/wp-content\/uploads\/2024\/08\/image3-1382x1536.jpg 1382w, https:\/\/policlinicamariainmaculada.com\/wp-content\/uploads\/2024\/08\/image3.jpg 1843w\" sizes=\"(max-width: 922px) 100vw, 922px\" \/>\t\t\t\t\t\t\t\t\t\t\t\t\t\t\t<\/div>\n\t\t\t\t<\/div>\n\t\t\t\t\t<\/div>\n\t\t<\/div>\n\t\t\t\t\t<\/div>\n\t\t<\/section>\n\t\t\t\t<section class=\"elementor-section elementor-top-section elementor-element elementor-element-efe4f68 elementor-section-boxed elementor-section-height-default elementor-section-height-default\" data-id=\"efe4f68\" data-element_type=\"section\" data-settings=\"{&quot;background_background&quot;:&quot;gradient&quot;}\">\n\t\t\t\t\t\t<div class=\"elementor-container elementor-column-gap-default\">\n\t\t\t\t\t<div class=\"elementor-column elementor-col-100 elementor-top-column elementor-element elementor-element-12e352d\" data-id=\"12e352d\" data-element_type=\"column\">\n\t\t\t<div class=\"elementor-widget-wrap elementor-element-populated\">\n\t\t\t\t\t\t<div class=\"elementor-element elementor-element-fbb030c elementor-widget__width-initial elementor-widget elementor-widget-image\" data-id=\"fbb030c\" data-element_type=\"widget\" data-widget_type=\"image.default\">\n\t\t\t\t<div class=\"elementor-widget-container\">\n\t\t\t\t\t\t\t\t\t\t\t\t\t\t\t\t<a href=\"http:\/\/policlinicamariainmaculada.com\/wp-content\/uploads\/2024\/08\/image2.jpg\" data-elementor-open-lightbox=\"yes\" data-elementor-lightbox-title=\"image2\" data-e-action-hash=\"#elementor-action%3Aaction%3Dlightbox%26settings%3DeyJpZCI6MTM3MTYsInVybCI6Imh0dHBzOlwvXC9wb2xpY2xpbmljYW1hcmlhaW5tYWN1bGFkYS5jb21cL3dwLWNvbnRlbnRcL3VwbG9hZHNcLzIwMjRcLzA4XC9pbWFnZTIuanBnIn0%3D\">\n\t\t\t\t\t\t\t<img loading=\"lazy\" decoding=\"async\" width=\"768\" height=\"853\" src=\"https:\/\/policlinicamariainmaculada.com\/wp-content\/uploads\/2024\/08\/image2-768x853.jpg\" class=\"attachment-medium_large size-medium_large wp-image-13716\" alt=\"\" srcset=\"https:\/\/policlinicamariainmaculada.com\/wp-content\/uploads\/2024\/08\/image2-768x853.jpg 768w, https:\/\/policlinicamariainmaculada.com\/wp-content\/uploads\/2024\/08\/image2-270x300.jpg 270w, https:\/\/policlinicamariainmaculada.com\/wp-content\/uploads\/2024\/08\/image2-922x1024.jpg 922w, https:\/\/policlinicamariainmaculada.com\/wp-content\/uploads\/2024\/08\/image2-1382x1536.jpg 1382w, https:\/\/policlinicamariainmaculada.com\/wp-content\/uploads\/2024\/08\/image2.jpg 1843w\" sizes=\"(max-width: 768px) 100vw, 768px\" \/>\t\t\t\t\t\t\t\t<\/a>\n\t\t\t\t\t\t\t\t\t\t\t\t\t\t\t<\/div>\n\t\t\t\t<\/div>\n\t\t\t\t\t<\/div>\n\t\t<\/div>\n\t\t\t\t\t<\/div>\n\t\t<\/section>\n\t\t\t\t<\/div>\n\t\t","protected":false},"excerpt":{"rendered":"<p>PROMONES DEL MES En Farmacia Mar\u00eda Inmaculada siempre estamos pensando en tu bienestar econ\u00f3mico y en el bienestar de tu salud aprovecha esta nueva promoci\u00f3n con nosotros.<\/p>\n","protected":false},"author":3,"featured_media":0,"parent":0,"menu_order":0,"comment_status":"closed","ping_status":"closed","template":"elementor_theme","meta":{"footnotes":""},"class_list":["post-11545","page","type-page","status-publish","hentry"],"_links":{"self":[{"href":"https:\/\/policlinicamariainmaculada.com\/index.php\/wp-json\/wp\/v2\/pages\/11545","targetHints":{"allow":["GET"]}}],"collection":[{"href":"https:\/\/policlinicamariainmaculada.com\/index.php\/wp-json\/wp\/v2\/pages"}],"about":[{"href":"https:\/\/policlinicamariainmaculada.com\/index.php\/wp-json\/wp\/v2\/types\/page"}],"author":[{"embeddable":true,"href":"https:\/\/policlinicamariainmaculada.com\/index.php\/wp-json\/wp\/v2\/users\/3"}],"replies":[{"embeddable":true,"href":"https:\/\/policlinicamariainmaculada.com\/index.php\/wp-json\/wp\/v2\/comments?post=11545"}],"version-history":[{"count":221,"href":"https:\/\/policlinicamariainmaculada.com\/index.php\/wp-json\/wp\/v2\/pages\/11545\/revisions"}],"predecessor-version":[{"id":14491,"href":"https:\/\/policlinicamariainmaculada.com\/index.php\/wp-json\/wp\/v2\/pages\/11545\/revisions\/14491"}],"wp:attachment":[{"href":"https:\/\/policlinicamariainmaculada.com\/index.php\/wp-json\/wp\/v2\/media?parent=11545"}],"curies":[{"name":"wp","href":"https:\/\/api.w.org\/{rel}","templated":true}]}}