{"id":7796,"date":"2022-12-09T20:05:09","date_gmt":"2022-12-09T20:05:09","guid":{"rendered":"https:\/\/policlinicamariainmaculada.com\/?page_id=7796"},"modified":"2025-10-22T16:14:31","modified_gmt":"2025-10-22T16:14:31","slug":"farmacia-maria-inmaculada-2","status":"publish","type":"page","link":"https:\/\/policlinicamariainmaculada.com\/index.php\/farmacia-maria-inmaculada-2\/","title":{"rendered":"Mar\u00eda Inmaculada #2 &#8211; POTOSI"},"content":{"rendered":"\t\t<div data-elementor-type=\"wp-page\" data-elementor-id=\"7796\" class=\"elementor elementor-7796\">\n\t\t\t\t\t\t<section class=\"elementor-section elementor-top-section elementor-element elementor-element-2ddc033 elementor-section-boxed elementor-section-height-default elementor-section-height-default\" data-id=\"2ddc033\" data-element_type=\"section\">\n\t\t\t\t\t\t<div class=\"elementor-container elementor-column-gap-default\">\n\t\t\t\t\t<div class=\"elementor-column elementor-col-100 elementor-top-column elementor-element elementor-element-580a2fd\" data-id=\"580a2fd\" data-element_type=\"column\">\n\t\t\t<div class=\"elementor-widget-wrap elementor-element-populated\">\n\t\t\t\t\t\t<div class=\"elementor-element elementor-element-a51b399 elementor-widget elementor-widget-image\" data-id=\"a51b399\" data-element_type=\"widget\" data-widget_type=\"image.default\">\n\t\t\t\t<div class=\"elementor-widget-container\">\n\t\t\t\t\t\t\t\t\t\t\t\t\t\t\t<img decoding=\"async\" src=\"http:\/\/policlinicamariainmaculada.com\/wp-content\/uploads\/2024\/01\/WhatsApp-Image-2024-01-08-at-3.46.53-PM.jpeg\" title=\"\" alt=\"\" loading=\"lazy\" \/>\t\t\t\t\t\t\t\t\t\t\t\t\t\t\t<\/div>\n\t\t\t\t<\/div>\n\t\t\t\t\t<\/div>\n\t\t<\/div>\n\t\t\t\t\t<\/div>\n\t\t<\/section>\n\t\t\t\t<section class=\"elementor-section elementor-top-section elementor-element elementor-element-cfd36d5 elementor-section-boxed elementor-section-height-default elementor-section-height-default\" data-id=\"cfd36d5\" data-element_type=\"section\">\n\t\t\t\t\t\t<div class=\"elementor-container elementor-column-gap-default\">\n\t\t\t\t\t<div class=\"elementor-column elementor-col-100 elementor-top-column elementor-element elementor-element-7c017d2\" data-id=\"7c017d2\" data-element_type=\"column\">\n\t\t\t<div class=\"elementor-widget-wrap elementor-element-populated\">\n\t\t\t\t\t\t<div class=\"elementor-element elementor-element-412d274 elementor-widget elementor-widget-image\" data-id=\"412d274\" data-element_type=\"widget\" data-widget_type=\"image.default\">\n\t\t\t\t<div class=\"elementor-widget-container\">\n\t\t\t\t\t\t\t\t\t\t\t\t\t\t\t<img fetchpriority=\"high\" decoding=\"async\" width=\"940\" height=\"788\" src=\"https:\/\/policlinicamariainmaculada.com\/wp-content\/uploads\/2025\/01\/WhatsApp-Image-2025-01-08-at-11.19.47-AM.jpeg\" class=\"attachment-large size-large wp-image-14176\" alt=\"\" srcset=\"https:\/\/policlinicamariainmaculada.com\/wp-content\/uploads\/2025\/01\/WhatsApp-Image-2025-01-08-at-11.19.47-AM.jpeg 940w, https:\/\/policlinicamariainmaculada.com\/wp-content\/uploads\/2025\/01\/WhatsApp-Image-2025-01-08-at-11.19.47-AM-300x251.jpeg 300w, https:\/\/policlinicamariainmaculada.com\/wp-content\/uploads\/2025\/01\/WhatsApp-Image-2025-01-08-at-11.19.47-AM-768x644.jpeg 768w\" sizes=\"(max-width: 940px) 100vw, 940px\" \/>\t\t\t\t\t\t\t\t\t\t\t\t\t\t\t<\/div>\n\t\t\t\t<\/div>\n\t\t\t\t\t<\/div>\n\t\t<\/div>\n\t\t\t\t\t<\/div>\n\t\t<\/section>\n\t\t\t\t<section class=\"elementor-section elementor-top-section elementor-element elementor-element-8f3a44e elementor-section-boxed elementor-section-height-default elementor-section-height-default\" data-id=\"8f3a44e\" data-element_type=\"section\">\n\t\t\t\t\t\t<div class=\"elementor-container elementor-column-gap-default\">\n\t\t\t\t\t<div class=\"elementor-column elementor-col-100 elementor-top-column elementor-element elementor-element-32cd88d\" data-id=\"32cd88d\" data-element_type=\"column\">\n\t\t\t<div class=\"elementor-widget-wrap elementor-element-populated\">\n\t\t\t\t\t\t<div class=\"elementor-element elementor-element-549b559 elementor-widget-divider--view-line_text elementor-widget-divider--element-align-center elementor-widget elementor-widget-divider\" data-id=\"549b559\" data-element_type=\"widget\" data-widget_type=\"divider.default\">\n\t\t\t\t<div class=\"elementor-widget-container\">\n\t\t\t\t\t\t\t<div class=\"elementor-divider\">\n\t\t\t<span class=\"elementor-divider-separator\">\n\t\t\t\t\t\t\t<h2 class=\"elementor-divider__text elementor-divider__element\">\n\t\t\t\tGaler\u00edas\t\t\t\t<\/h2>\n\t\t\t\t\t\t<\/span>\n\t\t<\/div>\n\t\t\t\t\t\t<\/div>\n\t\t\t\t<\/div>\n\t\t\t\t\t<\/div>\n\t\t<\/div>\n\t\t\t\t\t<\/div>\n\t\t<\/section>\n\t\t\t\t<section class=\"elementor-section elementor-top-section elementor-element elementor-element-dff7ea5 elementor-section-boxed elementor-section-height-default elementor-section-height-default\" data-id=\"dff7ea5\" data-element_type=\"section\" data-settings=\"{&quot;background_background&quot;:&quot;gradient&quot;}\">\n\t\t\t\t\t\t<div class=\"elementor-container elementor-column-gap-default\">\n\t\t\t\t\t<div class=\"elementor-column elementor-col-100 elementor-top-column elementor-element elementor-element-d39b23e\" data-id=\"d39b23e\" data-element_type=\"column\">\n\t\t\t<div class=\"elementor-widget-wrap elementor-element-populated\">\n\t\t\t\t\t\t<div class=\"elementor-element elementor-element-de48371 elementor-arrows-position-inside elementor-widget elementor-widget-image-carousel\" data-id=\"de48371\" data-element_type=\"widget\" data-settings=\"{&quot;navigation&quot;:&quot;arrows&quot;,&quot;image_spacing_custom&quot;:{&quot;unit&quot;:&quot;px&quot;,&quot;size&quot;:13,&quot;sizes&quot;:[]},&quot;slides_to_show_mobile&quot;:&quot;1&quot;,&quot;slides_to_show&quot;:&quot;3&quot;,&quot;autoplay&quot;:&quot;yes&quot;,&quot;pause_on_hover&quot;:&quot;yes&quot;,&quot;pause_on_interaction&quot;:&quot;yes&quot;,&quot;autoplay_speed&quot;:5000,&quot;infinite&quot;:&quot;yes&quot;,&quot;speed&quot;:500,&quot;image_spacing_custom_tablet&quot;:{&quot;unit&quot;:&quot;px&quot;,&quot;size&quot;:&quot;&quot;,&quot;sizes&quot;:[]}}\" data-widget_type=\"image-carousel.default\">\n\t\t\t\t<div class=\"elementor-widget-container\">\n\t\t\t\t\t\t\t<div class=\"elementor-image-carousel-wrapper swiper\" role=\"region\" aria-roledescription=\"carousel\" aria-label=\"Image Carousel\" dir=\"ltr\">\n\t\t\t<div class=\"elementor-image-carousel swiper-wrapper\" aria-live=\"off\">\n\t\t\t\t\t\t\t\t<div class=\"swiper-slide\" role=\"group\" aria-roledescription=\"slide\" aria-label=\"1 of 10\"><a data-elementor-open-lightbox=\"yes\" data-elementor-lightbox-slideshow=\"de48371\" data-e-action-hash=\"#elementor-action%3Aaction%3Dlightbox%26settings%3DeyJpZCI6ODUyOSwidXJsIjoiaHR0cHM6XC9cL3BvbGljbGluaWNhbWFyaWFpbm1hY3VsYWRhLmNvbVwvd3AtY29udGVudFwvdXBsb2Fkc1wvMjAyM1wvMDFcLzMwNTc1MDk4NF8xMjU2ODUwNTQxNzU0MzIyXzQ2MjU4MTI3MzY3MDQ2MTcxMTBfbi5qcGciLCJzbGlkZXNob3ciOiJkZTQ4MzcxIn0%3D\" href=\"https:\/\/policlinicamariainmaculada.com\/wp-content\/uploads\/2023\/01\/305750984_1256850541754322_4625812736704617110_n.jpg\"><figure class=\"swiper-slide-inner\"><img decoding=\"async\" class=\"swiper-slide-image\" src=\"https:\/\/policlinicamariainmaculada.com\/wp-content\/uploads\/2023\/01\/305750984_1256850541754322_4625812736704617110_n-370x307.jpg\" alt=\"\" \/><\/figure><\/a><\/div><div class=\"swiper-slide\" role=\"group\" aria-roledescription=\"slide\" aria-label=\"2 of 10\"><a data-elementor-open-lightbox=\"yes\" data-elementor-lightbox-slideshow=\"de48371\" data-e-action-hash=\"#elementor-action%3Aaction%3Dlightbox%26settings%3DeyJpZCI6ODUzMiwidXJsIjoiaHR0cHM6XC9cL3BvbGljbGluaWNhbWFyaWFpbm1hY3VsYWRhLmNvbVwvd3AtY29udGVudFwvdXBsb2Fkc1wvMjAyM1wvMDFcLzI0MTA2NDQ1M18xMDE2MTcyNzY1ODIyMTAyXzU0NjIwNTUzODY1MzU1OTc4MDNfbi5qcGciLCJzbGlkZXNob3ciOiJkZTQ4MzcxIn0%3D\" href=\"https:\/\/policlinicamariainmaculada.com\/wp-content\/uploads\/2023\/01\/241064453_1016172765822102_5462055386535597803_n.jpg\"><figure class=\"swiper-slide-inner\"><img decoding=\"async\" class=\"swiper-slide-image\" src=\"https:\/\/policlinicamariainmaculada.com\/wp-content\/uploads\/2023\/01\/241064453_1016172765822102_5462055386535597803_n-370x307.jpg\" alt=\"\" \/><\/figure><\/a><\/div><div class=\"swiper-slide\" role=\"group\" aria-roledescription=\"slide\" aria-label=\"3 of 10\"><a data-elementor-open-lightbox=\"yes\" data-elementor-lightbox-slideshow=\"de48371\" data-e-action-hash=\"#elementor-action%3Aaction%3Dlightbox%26settings%3DeyJpZCI6MTAzNTIsInVybCI6Imh0dHBzOlwvXC9wb2xpY2xpbmljYW1hcmlhaW5tYWN1bGFkYS5jb21cL3dwLWNvbnRlbnRcL3VwbG9hZHNcLzIwMjNcLzA4XC9XaGF0c0FwcC1JbWFnZS0yMDIzLTA4LTAyLWF0LTkuMzguNTAtQU0uanBlZyIsInNsaWRlc2hvdyI6ImRlNDgzNzEifQ%3D%3D\" href=\"https:\/\/policlinicamariainmaculada.com\/wp-content\/uploads\/2023\/08\/WhatsApp-Image-2023-08-02-at-9.38.50-AM.jpeg\"><figure class=\"swiper-slide-inner\"><img decoding=\"async\" class=\"swiper-slide-image\" src=\"https:\/\/policlinicamariainmaculada.com\/wp-content\/uploads\/2023\/08\/WhatsApp-Image-2023-08-02-at-9.38.50-AM-370x307.jpeg\" alt=\"\" \/><\/figure><\/a><\/div><div class=\"swiper-slide\" role=\"group\" aria-roledescription=\"slide\" aria-label=\"4 of 10\"><a data-elementor-open-lightbox=\"yes\" data-elementor-lightbox-slideshow=\"de48371\" data-e-action-hash=\"#elementor-action%3Aaction%3Dlightbox%26settings%3DeyJpZCI6MTAzNTMsInVybCI6Imh0dHBzOlwvXC9wb2xpY2xpbmljYW1hcmlhaW5tYWN1bGFkYS5jb21cL3dwLWNvbnRlbnRcL3VwbG9hZHNcLzIwMjNcLzA4XC9XaGF0c0FwcC1JbWFnZS0yMDIzLTA4LTAyLWF0LTkuMzguNDgtQU0uanBlZyIsInNsaWRlc2hvdyI6ImRlNDgzNzEifQ%3D%3D\" href=\"https:\/\/policlinicamariainmaculada.com\/wp-content\/uploads\/2023\/08\/WhatsApp-Image-2023-08-02-at-9.38.48-AM.jpeg\"><figure class=\"swiper-slide-inner\"><img decoding=\"async\" class=\"swiper-slide-image\" src=\"https:\/\/policlinicamariainmaculada.com\/wp-content\/uploads\/2023\/08\/WhatsApp-Image-2023-08-02-at-9.38.48-AM-370x307.jpeg\" alt=\"\" \/><\/figure><\/a><\/div><div class=\"swiper-slide\" role=\"group\" aria-roledescription=\"slide\" aria-label=\"5 of 10\"><a data-elementor-open-lightbox=\"yes\" data-elementor-lightbox-slideshow=\"de48371\" data-e-action-hash=\"#elementor-action%3Aaction%3Dlightbox%26settings%3DeyJpZCI6MTAzNTQsInVybCI6Imh0dHBzOlwvXC9wb2xpY2xpbmljYW1hcmlhaW5tYWN1bGFkYS5jb21cL3dwLWNvbnRlbnRcL3VwbG9hZHNcLzIwMjNcLzA4XC9XaGF0c0FwcC1JbWFnZS0yMDIzLTA4LTAyLWF0LTkuMzguNDEtQU0uanBlZyIsInNsaWRlc2hvdyI6ImRlNDgzNzEifQ%3D%3D\" href=\"https:\/\/policlinicamariainmaculada.com\/wp-content\/uploads\/2023\/08\/WhatsApp-Image-2023-08-02-at-9.38.41-AM.jpeg\"><figure class=\"swiper-slide-inner\"><img decoding=\"async\" class=\"swiper-slide-image\" src=\"https:\/\/policlinicamariainmaculada.com\/wp-content\/uploads\/2023\/08\/WhatsApp-Image-2023-08-02-at-9.38.41-AM-370x307.jpeg\" alt=\"\" \/><\/figure><\/a><\/div><div class=\"swiper-slide\" role=\"group\" aria-roledescription=\"slide\" aria-label=\"6 of 10\"><a data-elementor-open-lightbox=\"yes\" data-elementor-lightbox-slideshow=\"de48371\" data-e-action-hash=\"#elementor-action%3Aaction%3Dlightbox%26settings%3DeyJpZCI6MTExODAsInVybCI6Imh0dHBzOlwvXC9wb2xpY2xpbmljYW1hcmlhaW5tYWN1bGFkYS5jb21cL3dwLWNvbnRlbnRcL3VwbG9hZHNcLzIwMjNcLzA5XC9XaGF0c0FwcC1JbWFnZS0yMDIzLTA5LTExLWF0LTExLjIyLjE0LUFNLmpwZWciLCJzbGlkZXNob3ciOiJkZTQ4MzcxIn0%3D\" href=\"https:\/\/policlinicamariainmaculada.com\/wp-content\/uploads\/2023\/09\/WhatsApp-Image-2023-09-11-at-11.22.14-AM.jpeg\"><figure class=\"swiper-slide-inner\"><img decoding=\"async\" class=\"swiper-slide-image\" src=\"https:\/\/policlinicamariainmaculada.com\/wp-content\/uploads\/2023\/09\/WhatsApp-Image-2023-09-11-at-11.22.14-AM-370x307.jpeg\" alt=\"\" \/><\/figure><\/a><\/div><div class=\"swiper-slide\" role=\"group\" aria-roledescription=\"slide\" aria-label=\"7 of 10\"><a data-elementor-open-lightbox=\"yes\" data-elementor-lightbox-slideshow=\"de48371\" data-e-action-hash=\"#elementor-action%3Aaction%3Dlightbox%26settings%3DeyJpZCI6MTExODEsInVybCI6Imh0dHBzOlwvXC9wb2xpY2xpbmljYW1hcmlhaW5tYWN1bGFkYS5jb21cL3dwLWNvbnRlbnRcL3VwbG9hZHNcLzIwMjNcLzA5XC9XaGF0c0FwcC1JbWFnZS0yMDIzLTA5LTExLWF0LTExLjIyLjE1LUFNLmpwZWciLCJzbGlkZXNob3ciOiJkZTQ4MzcxIn0%3D\" href=\"https:\/\/policlinicamariainmaculada.com\/wp-content\/uploads\/2023\/09\/WhatsApp-Image-2023-09-11-at-11.22.15-AM.jpeg\"><figure class=\"swiper-slide-inner\"><img decoding=\"async\" class=\"swiper-slide-image\" src=\"https:\/\/policlinicamariainmaculada.com\/wp-content\/uploads\/2023\/09\/WhatsApp-Image-2023-09-11-at-11.22.15-AM-370x307.jpeg\" alt=\"\" \/><\/figure><\/a><\/div><div class=\"swiper-slide\" role=\"group\" aria-roledescription=\"slide\" aria-label=\"8 of 10\"><a data-elementor-open-lightbox=\"yes\" data-elementor-lightbox-slideshow=\"de48371\" data-e-action-hash=\"#elementor-action%3Aaction%3Dlightbox%26settings%3DeyJpZCI6MTExODQsInVybCI6Imh0dHBzOlwvXC9wb2xpY2xpbmljYW1hcmlhaW5tYWN1bGFkYS5jb21cL3dwLWNvbnRlbnRcL3VwbG9hZHNcLzIwMjNcLzA5XC9XaGF0c0FwcC1JbWFnZS0yMDIzLTA5LTExLWF0LTExLjIyLjE2LUFNLTMuanBlZyIsInNsaWRlc2hvdyI6ImRlNDgzNzEifQ%3D%3D\" href=\"https:\/\/policlinicamariainmaculada.com\/wp-content\/uploads\/2023\/09\/WhatsApp-Image-2023-09-11-at-11.22.16-AM-3.jpeg\"><figure class=\"swiper-slide-inner\"><img decoding=\"async\" class=\"swiper-slide-image\" src=\"https:\/\/policlinicamariainmaculada.com\/wp-content\/uploads\/2023\/09\/WhatsApp-Image-2023-09-11-at-11.22.16-AM-3-370x307.jpeg\" alt=\"\" \/><\/figure><\/a><\/div><div class=\"swiper-slide\" role=\"group\" aria-roledescription=\"slide\" aria-label=\"9 of 10\"><a data-elementor-open-lightbox=\"yes\" data-elementor-lightbox-slideshow=\"de48371\" data-e-action-hash=\"#elementor-action%3Aaction%3Dlightbox%26settings%3DeyJpZCI6MTExODUsInVybCI6Imh0dHBzOlwvXC9wb2xpY2xpbmljYW1hcmlhaW5tYWN1bGFkYS5jb21cL3dwLWNvbnRlbnRcL3VwbG9hZHNcLzIwMjNcLzA5XC9XaGF0c0FwcC1JbWFnZS0yMDIzLTA5LTExLWF0LTExLjIyLjE2LUFNLmpwZWciLCJzbGlkZXNob3ciOiJkZTQ4MzcxIn0%3D\" href=\"https:\/\/policlinicamariainmaculada.com\/wp-content\/uploads\/2023\/09\/WhatsApp-Image-2023-09-11-at-11.22.16-AM.jpeg\"><figure class=\"swiper-slide-inner\"><img decoding=\"async\" class=\"swiper-slide-image\" src=\"https:\/\/policlinicamariainmaculada.com\/wp-content\/uploads\/2023\/09\/WhatsApp-Image-2023-09-11-at-11.22.16-AM-370x307.jpeg\" alt=\"\" \/><\/figure><\/a><\/div><div class=\"swiper-slide\" role=\"group\" aria-roledescription=\"slide\" aria-label=\"10 of 10\"><a data-elementor-open-lightbox=\"yes\" data-elementor-lightbox-slideshow=\"de48371\" data-e-action-hash=\"#elementor-action%3Aaction%3Dlightbox%26settings%3DeyJpZCI6MTExODYsInVybCI6Imh0dHBzOlwvXC9wb2xpY2xpbmljYW1hcmlhaW5tYWN1bGFkYS5jb21cL3dwLWNvbnRlbnRcL3VwbG9hZHNcLzIwMjNcLzA5XC9XaGF0c0FwcC1JbWFnZS0yMDIzLTA5LTExLWF0LTExLjIyLjE3LUFNLTEuanBlZyIsInNsaWRlc2hvdyI6ImRlNDgzNzEifQ%3D%3D\" href=\"https:\/\/policlinicamariainmaculada.com\/wp-content\/uploads\/2023\/09\/WhatsApp-Image-2023-09-11-at-11.22.17-AM-1.jpeg\"><figure class=\"swiper-slide-inner\"><img decoding=\"async\" class=\"swiper-slide-image\" src=\"https:\/\/policlinicamariainmaculada.com\/wp-content\/uploads\/2023\/09\/WhatsApp-Image-2023-09-11-at-11.22.17-AM-1-370x307.jpeg\" alt=\"\" \/><\/figure><\/a><\/div>\t\t\t<\/div>\n\t\t\t\t\t\t\t\t\t\t\t\t<div class=\"elementor-swiper-button elementor-swiper-button-prev\" role=\"button\" tabindex=\"0\">\n\t\t\t\t\t\t<i aria-hidden=\"true\" class=\"eicon-chevron-left\"><\/i>\t\t\t\t\t<\/div>\n\t\t\t\t\t<div class=\"elementor-swiper-button elementor-swiper-button-next\" role=\"button\" tabindex=\"0\">\n\t\t\t\t\t\t<i aria-hidden=\"true\" class=\"eicon-chevron-right\"><\/i>\t\t\t\t\t<\/div>\n\t\t\t\t\n\t\t\t\t\t\t\t\t\t<\/div>\n\t\t\t\t\t\t<\/div>\n\t\t\t\t<\/div>\n\t\t\t\t\t<\/div>\n\t\t<\/div>\n\t\t\t\t\t<\/div>\n\t\t<\/section>\n\t\t\t\t<section class=\"elementor-section elementor-top-section elementor-element elementor-element-bf5d050 elementor-section-boxed elementor-section-height-default elementor-section-height-default\" data-id=\"bf5d050\" data-element_type=\"section\">\n\t\t\t\t\t\t<div class=\"elementor-container elementor-column-gap-default\">\n\t\t\t\t\t<div class=\"elementor-column elementor-col-100 elementor-top-column elementor-element elementor-element-f8ce9f1\" data-id=\"f8ce9f1\" data-element_type=\"column\">\n\t\t\t<div class=\"elementor-widget-wrap elementor-element-populated\">\n\t\t\t\t\t\t<div class=\"elementor-element elementor-element-a887634 elementor-widget elementor-widget-heading\" data-id=\"a887634\" data-element_type=\"widget\" data-widget_type=\"heading.default\">\n\t\t\t\t<div class=\"elementor-widget-container\">\n\t\t\t\t\t<h2 class=\"elementor-heading-title elementor-size-default\">Horario de Atenci\u00f3n <\/h2>\t\t\t\t<\/div>\n\t\t\t\t<\/div>\n\t\t\t\t\t<\/div>\n\t\t<\/div>\n\t\t\t\t\t<\/div>\n\t\t<\/section>\n\t\t\t\t<section class=\"elementor-section elementor-top-section elementor-element elementor-element-756ae3b elementor-section-boxed elementor-section-height-default elementor-section-height-default\" data-id=\"756ae3b\" data-element_type=\"section\">\n\t\t\t\t\t\t<div class=\"elementor-container elementor-column-gap-default\">\n\t\t\t\t\t<div class=\"elementor-column elementor-col-50 elementor-top-column elementor-element elementor-element-b062fb4\" data-id=\"b062fb4\" data-element_type=\"column\">\n\t\t\t<div class=\"elementor-widget-wrap elementor-element-populated\">\n\t\t\t\t\t\t<section class=\"elementor-section elementor-inner-section elementor-element elementor-element-90d7b2e elementor-section-boxed elementor-section-height-default elementor-section-height-default\" data-id=\"90d7b2e\" data-element_type=\"section\">\n\t\t\t\t\t\t<div class=\"elementor-container elementor-column-gap-default\">\n\t\t\t\t\t<div class=\"elementor-column elementor-col-50 elementor-inner-column elementor-element elementor-element-d6c8113\" data-id=\"d6c8113\" data-element_type=\"column\">\n\t\t\t<div class=\"elementor-widget-wrap elementor-element-populated\">\n\t\t\t\t\t\t<div class=\"elementor-element elementor-element-800a419 elementor-invisible elementor-widget elementor-widget-text-editor\" data-id=\"800a419\" data-element_type=\"widget\" data-settings=\"{&quot;_animation&quot;:&quot;fadeInLeft&quot;}\" data-widget_type=\"text-editor.default\">\n\t\t\t\t<div class=\"elementor-widget-container\">\n\t\t\t\t\t\t\t\t\t<h6>Lunes a S\u00e1bados\u00a0<\/h6>\t\t\t\t\t\t\t\t<\/div>\n\t\t\t\t<\/div>\n\t\t\t\t\t<\/div>\n\t\t<\/div>\n\t\t\t\t<div class=\"elementor-column elementor-col-50 elementor-inner-column elementor-element elementor-element-5052ccf\" data-id=\"5052ccf\" data-element_type=\"column\">\n\t\t\t<div class=\"elementor-widget-wrap elementor-element-populated\">\n\t\t\t\t\t\t<div class=\"elementor-element elementor-element-10a403e elementor-invisible elementor-widget elementor-widget-text-editor\" data-id=\"10a403e\" data-element_type=\"widget\" data-settings=\"{&quot;_animation&quot;:&quot;fadeInLeft&quot;}\" data-widget_type=\"text-editor.default\">\n\t\t\t\t<div class=\"elementor-widget-container\">\n\t\t\t\t\t\t\t\t\t<h6>7:30 A.M. &#8211; 7:30 P.M.<\/h6>\t\t\t\t\t\t\t\t<\/div>\n\t\t\t\t<\/div>\n\t\t\t\t\t<\/div>\n\t\t<\/div>\n\t\t\t\t\t<\/div>\n\t\t<\/section>\n\t\t\t\t<div class=\"elementor-element elementor-element-d4287fa elementor-widget-divider--view-line elementor-widget elementor-widget-divider\" data-id=\"d4287fa\" data-element_type=\"widget\" data-widget_type=\"divider.default\">\n\t\t\t\t<div class=\"elementor-widget-container\">\n\t\t\t\t\t\t\t<div class=\"elementor-divider\">\n\t\t\t<span class=\"elementor-divider-separator\">\n\t\t\t\t\t\t<\/span>\n\t\t<\/div>\n\t\t\t\t\t\t<\/div>\n\t\t\t\t<\/div>\n\t\t\t\t<div class=\"elementor-element elementor-element-79939c5 elementor-widget-divider--view-line elementor-widget elementor-widget-divider\" data-id=\"79939c5\" data-element_type=\"widget\" data-widget_type=\"divider.default\">\n\t\t\t\t<div class=\"elementor-widget-container\">\n\t\t\t\t\t\t\t<div class=\"elementor-divider\">\n\t\t\t<span class=\"elementor-divider-separator\">\n\t\t\t\t\t\t<\/span>\n\t\t<\/div>\n\t\t\t\t\t\t<\/div>\n\t\t\t\t<\/div>\n\t\t\t\t<section class=\"elementor-section elementor-inner-section elementor-element elementor-element-b377d63 elementor-section-boxed elementor-section-height-default elementor-section-height-default\" data-id=\"b377d63\" data-element_type=\"section\">\n\t\t\t\t\t\t<div class=\"elementor-container elementor-column-gap-default\">\n\t\t\t\t\t<div class=\"elementor-column elementor-col-50 elementor-inner-column elementor-element elementor-element-95a99f1\" data-id=\"95a99f1\" data-element_type=\"column\">\n\t\t\t<div class=\"elementor-widget-wrap elementor-element-populated\">\n\t\t\t\t\t\t<div class=\"elementor-element elementor-element-930764c elementor-widget elementor-widget-text-editor\" data-id=\"930764c\" data-element_type=\"widget\" data-widget_type=\"text-editor.default\">\n\t\t\t\t<div class=\"elementor-widget-container\">\n\t\t\t\t\t\t\t\t\t<h6>Domingo\u00a0<\/h6>\t\t\t\t\t\t\t\t<\/div>\n\t\t\t\t<\/div>\n\t\t\t\t\t<\/div>\n\t\t<\/div>\n\t\t\t\t<div class=\"elementor-column elementor-col-50 elementor-inner-column elementor-element elementor-element-9b03c15\" data-id=\"9b03c15\" data-element_type=\"column\">\n\t\t\t<div class=\"elementor-widget-wrap elementor-element-populated\">\n\t\t\t\t\t\t<div class=\"elementor-element elementor-element-bfd63a5 elementor-widget elementor-widget-text-editor\" data-id=\"bfd63a5\" data-element_type=\"widget\" data-widget_type=\"text-editor.default\">\n\t\t\t\t<div class=\"elementor-widget-container\">\n\t\t\t\t\t\t\t\t\t<h6>8:00 A.M. &#8211; 12MD<\/h6>\t\t\t\t\t\t\t\t<\/div>\n\t\t\t\t<\/div>\n\t\t\t\t\t<\/div>\n\t\t<\/div>\n\t\t\t\t\t<\/div>\n\t\t<\/section>\n\t\t\t\t\t<\/div>\n\t\t<\/div>\n\t\t\t\t<div class=\"elementor-column elementor-col-50 elementor-top-column elementor-element elementor-element-900c633\" data-id=\"900c633\" data-element_type=\"column\">\n\t\t\t<div class=\"elementor-widget-wrap elementor-element-populated\">\n\t\t\t\t\t\t<div class=\"elementor-element elementor-element-32dea4c elementor-widget elementor-widget-heading\" data-id=\"32dea4c\" data-element_type=\"widget\" data-widget_type=\"heading.default\">\n\t\t\t\t<div class=\"elementor-widget-container\">\n\t\t\t\t\t<h2 class=\"elementor-heading-title elementor-size-default\">Cont\u00e1ctenos<\/h2>\t\t\t\t<\/div>\n\t\t\t\t<\/div>\n\t\t\t\t<div class=\"elementor-element elementor-element-4b07f56 elementor-align-center elementor-widget__width-initial elementor-icon-list--layout-traditional elementor-list-item-link-full_width elementor-widget elementor-widget-icon-list\" data-id=\"4b07f56\" data-element_type=\"widget\" data-widget_type=\"icon-list.default\">\n\t\t\t\t<div class=\"elementor-widget-container\">\n\t\t\t\t\t\t\t<ul class=\"elementor-icon-list-items\">\n\t\t\t\t\t\t\t<li class=\"elementor-icon-list-item\">\n\t\t\t\t\t\t\t\t\t\t\t<span class=\"elementor-icon-list-icon\">\n\t\t\t\t\t\t\t<i aria-hidden=\"true\" class=\"fas fa-phone-alt\"><\/i>\t\t\t\t\t\t<\/span>\n\t\t\t\t\t\t\t\t\t\t<span class=\"elementor-icon-list-text\">+505 8630 8544<\/span>\n\t\t\t\t\t\t\t\t\t<\/li>\n\t\t\t\t\t\t\t\t<li class=\"elementor-icon-list-item\">\n\t\t\t\t\t\t\t\t\t\t\t<a href=\"https:\/\/api.whatsapp.com\/send?phone=%2B50586308544&#038;fbclid=IwAR0Rj9q8dQZWgvzowRunDEHOZIbIOEcZaRjNyFp14h4XkaWxUWdF34439eo\">\n\n\t\t\t\t\t\t\t\t\t\t\t\t<span class=\"elementor-icon-list-icon\">\n\t\t\t\t\t\t\t<i aria-hidden=\"true\" class=\"fab fa-whatsapp\"><\/i>\t\t\t\t\t\t<\/span>\n\t\t\t\t\t\t\t\t\t\t<span class=\"elementor-icon-list-text\">+505\u00a08630\u00a08544<\/span>\n\t\t\t\t\t\t\t\t\t\t\t<\/a>\n\t\t\t\t\t\t\t\t\t<\/li>\n\t\t\t\t\t\t<\/ul>\n\t\t\t\t\t\t<\/div>\n\t\t\t\t<\/div>\n\t\t\t\t<div class=\"elementor-element elementor-element-ebeb4c0 elementor-shape-square elementor-grid-1 e-grid-align-center elementor-widget elementor-widget-social-icons\" data-id=\"ebeb4c0\" data-element_type=\"widget\" data-widget_type=\"social-icons.default\">\n\t\t\t\t<div class=\"elementor-widget-container\">\n\t\t\t\t\t\t\t<div class=\"elementor-social-icons-wrapper elementor-grid\">\n\t\t\t\t\t\t\t<span class=\"elementor-grid-item\">\n\t\t\t\t\t<a class=\"elementor-icon elementor-social-icon elementor-social-icon-whatsapp elementor-repeater-item-a584be0\" href=\"https:\/\/api.whatsapp.com\/send?phone=%2B50586308544&#038;fbclid=IwAR0Rj9q8dQZWgvzowRunDEHOZIbIOEcZaRjNyFp14h4XkaWxUWdF34439eo\" target=\"_blank\">\n\t\t\t\t\t\t<span class=\"elementor-screen-only\">Whatsapp<\/span>\n\t\t\t\t\t\t<i class=\"fab fa-whatsapp\"><\/i>\t\t\t\t\t<\/a>\n\t\t\t\t<\/span>\n\t\t\t\t\t<\/div>\n\t\t\t\t\t\t<\/div>\n\t\t\t\t<\/div>\n\t\t\t\t\t<\/div>\n\t\t<\/div>\n\t\t\t\t\t<\/div>\n\t\t<\/section>\n\t\t\t\t<section class=\"elementor-section elementor-top-section elementor-element elementor-element-c725370 elementor-section-boxed elementor-section-height-default elementor-section-height-default\" data-id=\"c725370\" data-element_type=\"section\">\n\t\t\t\t\t\t<div class=\"elementor-container elementor-column-gap-default\">\n\t\t\t\t\t<div class=\"elementor-column elementor-col-100 elementor-top-column elementor-element elementor-element-40fdd86\" data-id=\"40fdd86\" data-element_type=\"column\">\n\t\t\t<div class=\"elementor-widget-wrap\">\n\t\t\t\t\t\t\t<\/div>\n\t\t<\/div>\n\t\t\t\t\t<\/div>\n\t\t<\/section>\n\t\t\t\t<\/div>\n\t\t","protected":false},"excerpt":{"rendered":"<p>Galer\u00edas Horario de Atenci\u00f3n Lunes a S\u00e1bados\u00a0 7:30 A.M. &#8211; 7:30 P.M. Domingo\u00a0 8:00 A.M. &#8211; 12MD Cont\u00e1ctenos +505 8630 8544 +505\u00a08630\u00a08544 Whatsapp<\/p>\n","protected":false},"author":2,"featured_media":0,"parent":0,"menu_order":0,"comment_status":"closed","ping_status":"closed","template":"","meta":{"footnotes":""},"class_list":["post-7796","page","type-page","status-publish","hentry"],"_links":{"self":[{"href":"https:\/\/policlinicamariainmaculada.com\/index.php\/wp-json\/wp\/v2\/pages\/7796","targetHints":{"allow":["GET"]}}],"collection":[{"href":"https:\/\/policlinicamariainmaculada.com\/index.php\/wp-json\/wp\/v2\/pages"}],"about":[{"href":"https:\/\/policlinicamariainmaculada.com\/index.php\/wp-json\/wp\/v2\/types\/page"}],"author":[{"embeddable":true,"href":"https:\/\/policlinicamariainmaculada.com\/index.php\/wp-json\/wp\/v2\/users\/2"}],"replies":[{"embeddable":true,"href":"https:\/\/policlinicamariainmaculada.com\/index.php\/wp-json\/wp\/v2\/comments?post=7796"}],"version-history":[{"count":360,"href":"https:\/\/policlinicamariainmaculada.com\/index.php\/wp-json\/wp\/v2\/pages\/7796\/revisions"}],"predecessor-version":[{"id":14643,"href":"https:\/\/policlinicamariainmaculada.com\/index.php\/wp-json\/wp\/v2\/pages\/7796\/revisions\/14643"}],"wp:attachment":[{"href":"https:\/\/policlinicamariainmaculada.com\/index.php\/wp-json\/wp\/v2\/media?parent=7796"}],"curies":[{"name":"wp","href":"https:\/\/api.w.org\/{rel}","templated":true}]}}