{"id":8509,"date":"2023-01-24T03:13:03","date_gmt":"2023-01-24T03:13:03","guid":{"rendered":"https:\/\/policlinicamariainmaculada.com\/?page_id=8509"},"modified":"2023-01-24T17:45:13","modified_gmt":"2023-01-24T17:45:13","slug":"pruebas","status":"publish","type":"page","link":"https:\/\/policlinicamariainmaculada.com\/index.php\/pruebas\/","title":{"rendered":"Pruebas"},"content":{"rendered":"\t\t<div data-elementor-type=\"wp-page\" data-elementor-id=\"8509\" class=\"elementor elementor-8509\">\n\t\t\t\t\t\t<section class=\"elementor-section elementor-top-section elementor-element elementor-element-2ed1d57 elementor-section-boxed elementor-section-height-default elementor-section-height-default\" data-id=\"2ed1d57\" data-element_type=\"section\">\n\t\t\t\t\t\t<div class=\"elementor-container elementor-column-gap-default\">\n\t\t\t\t\t<div class=\"elementor-column elementor-col-100 elementor-top-column elementor-element elementor-element-486c4b5\" data-id=\"486c4b5\" data-element_type=\"column\">\n\t\t\t<div class=\"elementor-widget-wrap elementor-element-populated\">\n\t\t\t\t\t\t<div class=\"elementor-element elementor-element-b3d6e83 elementor-widget elementor-widget-heading\" data-id=\"b3d6e83\" data-element_type=\"widget\" data-widget_type=\"heading.default\">\n\t\t\t\t<div class=\"elementor-widget-container\">\n\t\t\t\t\t<h2 class=\"elementor-heading-title elementor-size-default\">MEN\u00da DE PRUEBAS EN AYUNO<\/h2>\t\t\t\t<\/div>\n\t\t\t\t<\/div>\n\t\t\t\t<section class=\"elementor-section elementor-inner-section elementor-element elementor-element-6f2a11c elementor-section-boxed elementor-section-height-default elementor-section-height-default\" data-id=\"6f2a11c\" data-element_type=\"section\">\n\t\t\t\t\t\t<div class=\"elementor-container elementor-column-gap-default\">\n\t\t\t\t\t<div class=\"elementor-column elementor-col-33 elementor-inner-column elementor-element elementor-element-bdace3f\" data-id=\"bdace3f\" data-element_type=\"column\">\n\t\t\t<div class=\"elementor-widget-wrap elementor-element-populated\">\n\t\t\t\t\t\t<div class=\"elementor-element elementor-element-0b98d7f elementor-invisible elementor-widget elementor-widget-text-editor\" data-id=\"0b98d7f\" data-element_type=\"widget\" data-settings=\"{&quot;_animation&quot;:&quot;fadeInLeft&quot;}\" data-widget_type=\"text-editor.default\">\n\t\t\t\t<div class=\"elementor-widget-container\">\n\t\t\t\t\t\t\t\t\t<ul><li>17 OH Progesterona con ACTH<\/li><li>\u00c1cido F\u00f3lico<\/li><li>Aldosterona<\/li><li>Apolipoprote\u00edna A1<\/li><li>Apolipoprote\u00edna B<\/li><li>Colesterol<\/li><li>Cortisol con estimulaci\u00f3n de ACTH<\/li><li>Curvas de Tolerancia a la<\/li><li>Glucosa<\/li><li>Electroforesis de Lipoprote\u00ednas<\/li><li>Glucosa<\/li><li>Hierro<\/li><\/ul>\t\t\t\t\t\t\t\t<\/div>\n\t\t\t\t<\/div>\n\t\t\t\t\t<\/div>\n\t\t<\/div>\n\t\t\t\t<div class=\"elementor-column elementor-col-33 elementor-inner-column elementor-element elementor-element-2f506f6\" data-id=\"2f506f6\" data-element_type=\"column\">\n\t\t\t<div class=\"elementor-widget-wrap elementor-element-populated\">\n\t\t\t\t\t\t<div class=\"elementor-element elementor-element-3378346 elementor-invisible elementor-widget elementor-widget-text-editor\" data-id=\"3378346\" data-element_type=\"widget\" data-settings=\"{&quot;_animation&quot;:&quot;fadeInRight&quot;}\" data-widget_type=\"text-editor.default\">\n\t\t\t\t<div class=\"elementor-widget-container\">\n\t\t\t\t\t\t\t\t\t<ul><li>Hormonas de Crecimiento<\/li><li>Insulina<\/li><li>Lipoprote\u00edna A (Lpa)<\/li><li>\u00a0P\u00e9ptido C<\/li><li>Pool de Prolactina<\/li><li>\u00a0Prolactina<\/li><li>Renina Directa<\/li><li>Triglic\u00e9ridos<\/li><li>Vitamina B12<\/li><li>\u00a0Vitamina D (25-OH) Total<\/li><\/ul>\t\t\t\t\t\t\t\t<\/div>\n\t\t\t\t<\/div>\n\t\t\t\t\t<\/div>\n\t\t<\/div>\n\t\t\t\t<div class=\"elementor-column elementor-col-33 elementor-inner-column elementor-element elementor-element-4a05aac\" data-id=\"4a05aac\" data-element_type=\"column\">\n\t\t\t<div class=\"elementor-widget-wrap elementor-element-populated\">\n\t\t\t\t\t\t<div class=\"elementor-element elementor-element-8dd8da4 elementor-invisible elementor-widget elementor-widget-image\" data-id=\"8dd8da4\" data-element_type=\"widget\" data-settings=\"{&quot;_animation&quot;:&quot;flash&quot;}\" data-widget_type=\"image.default\">\n\t\t\t\t<div class=\"elementor-widget-container\">\n\t\t\t\t\t\t\t\t\t\t\t\t\t\t\t<img fetchpriority=\"high\" decoding=\"async\" width=\"1024\" height=\"1024\" src=\"https:\/\/policlinicamariainmaculada.com\/wp-content\/uploads\/2023\/01\/WhatsApp-Image-2023-01-20-at-16.02.39-1024x1024.jpg\" class=\"attachment-large size-large wp-image-8517\" alt=\"\" srcset=\"https:\/\/policlinicamariainmaculada.com\/wp-content\/uploads\/2023\/01\/WhatsApp-Image-2023-01-20-at-16.02.39-1024x1024.jpg 1024w, https:\/\/policlinicamariainmaculada.com\/wp-content\/uploads\/2023\/01\/WhatsApp-Image-2023-01-20-at-16.02.39-300x300.jpg 300w, https:\/\/policlinicamariainmaculada.com\/wp-content\/uploads\/2023\/01\/WhatsApp-Image-2023-01-20-at-16.02.39-150x150.jpg 150w, https:\/\/policlinicamariainmaculada.com\/wp-content\/uploads\/2023\/01\/WhatsApp-Image-2023-01-20-at-16.02.39-768x768.jpg 768w, https:\/\/policlinicamariainmaculada.com\/wp-content\/uploads\/2023\/01\/WhatsApp-Image-2023-01-20-at-16.02.39-1536x1536.jpg 1536w, https:\/\/policlinicamariainmaculada.com\/wp-content\/uploads\/2023\/01\/WhatsApp-Image-2023-01-20-at-16.02.39-80x80.jpg 80w, https:\/\/policlinicamariainmaculada.com\/wp-content\/uploads\/2023\/01\/WhatsApp-Image-2023-01-20-at-16.02.39.jpg 1563w\" sizes=\"(max-width: 1024px) 100vw, 1024px\" \/>\t\t\t\t\t\t\t\t\t\t\t\t\t\t\t<\/div>\n\t\t\t\t<\/div>\n\t\t\t\t\t<\/div>\n\t\t<\/div>\n\t\t\t\t\t<\/div>\n\t\t<\/section>\n\t\t\t\t<div class=\"elementor-element elementor-element-9246e06 elementor-widget elementor-widget-text-editor\" data-id=\"9246e06\" data-element_type=\"widget\" data-widget_type=\"text-editor.default\">\n\t\t\t\t<div class=\"elementor-widget-container\">\n\t\t\t\t\t\t\t\t\t<p>*Biometr\u00eda Hem\u00e1tica Completa no requiere estar en ayuna\u00a0<\/p>\t\t\t\t\t\t\t\t<\/div>\n\t\t\t\t<\/div>\n\t\t\t\t\t<\/div>\n\t\t<\/div>\n\t\t\t\t\t<\/div>\n\t\t<\/section>\n\t\t\t\t<section class=\"elementor-section elementor-top-section elementor-element elementor-element-e563a55 elementor-section-boxed elementor-section-height-default elementor-section-height-default\" data-id=\"e563a55\" data-element_type=\"section\">\n\t\t\t\t\t\t<div class=\"elementor-container elementor-column-gap-default\">\n\t\t\t\t\t<div class=\"elementor-column elementor-col-100 elementor-top-column elementor-element elementor-element-1ea59cd\" data-id=\"1ea59cd\" data-element_type=\"column\">\n\t\t\t<div class=\"elementor-widget-wrap elementor-element-populated\">\n\t\t\t\t\t\t<div class=\"elementor-element elementor-element-2fa27e8 elementor-widget elementor-widget-eael-advanced-data-table\" data-id=\"2fa27e8\" data-element_type=\"widget\" data-widget_type=\"eael-advanced-data-table.default\">\n\t\t\t\t<div class=\"elementor-widget-container\">\n\t\t\t\t\t<div class=\"ea-advanced-data-table-wrap\" data-id=\"2fa27e8\"><div class=\"ea-advanced-data-table-search-wrap ea-advanced-data-table-search-right\"><input type=\"search\" placeholder=\"Buscar\" class=\"ea-advanced-data-table-search\"><\/div><div class=\"ea-advanced-data-table-wrap-inner\">\n                <table class=\"ea-advanced-data-table ea-advanced-data-table-static ea-advanced-data-table-2fa27e8 ea-advanced-data-table-sortable ea-advanced-data-table-paginated ea-advanced-data-table-searchable\" data-id=\"2fa27e8\" data-items-per-page=\"10\"><thead><tr><th><\/th><th><\/th><th><\/th><th><\/th><\/tr><\/thead><tbody><tr><td><\/td><td><\/td><td><\/td><td><\/td><\/tr><tr><td><\/td><td><\/td><td><\/td><td><\/td><\/tr><tr><td><\/td><td><\/td><td><\/td><td><\/td><\/tr><tr><td><\/td><td><\/td><td><\/td><td><\/td><\/tr><\/tbody><\/table>\n            <\/div><div class=\"ea-advanced-data-table-pagination ea-advanced-data-table-pagination-button clearfix\"><\/div><\/div>\t\t\t\t<\/div>\n\t\t\t\t<\/div>\n\t\t\t\t\t<\/div>\n\t\t<\/div>\n\t\t\t\t\t<\/div>\n\t\t<\/section>\n\t\t\t\t<\/div>\n\t\t","protected":false},"excerpt":{"rendered":"<p>MEN\u00da DE PRUEBAS EN AYUNO 17 OH Progesterona con ACTH \u00c1cido F\u00f3lico Aldosterona Apolipoprote\u00edna A1 Apolipoprote\u00edna B Colesterol Cortisol con estimulaci\u00f3n de ACTH Curvas de Tolerancia a la Glucosa Electroforesis de Lipoprote\u00ednas Glucosa Hierro Hormonas de Crecimiento Insulina Lipoprote\u00edna A (Lpa) \u00a0P\u00e9ptido C Pool de Prolactina \u00a0Prolactina Renina Directa Triglic\u00e9ridos Vitamina B12 \u00a0Vitamina D (25-OH)<\/p>\n","protected":false},"author":4,"featured_media":0,"parent":0,"menu_order":0,"comment_status":"closed","ping_status":"closed","template":"","meta":{"footnotes":""},"class_list":["post-8509","page","type-page","status-publish","hentry"],"_links":{"self":[{"href":"https:\/\/policlinicamariainmaculada.com\/index.php\/wp-json\/wp\/v2\/pages\/8509","targetHints":{"allow":["GET"]}}],"collection":[{"href":"https:\/\/policlinicamariainmaculada.com\/index.php\/wp-json\/wp\/v2\/pages"}],"about":[{"href":"https:\/\/policlinicamariainmaculada.com\/index.php\/wp-json\/wp\/v2\/types\/page"}],"author":[{"embeddable":true,"href":"https:\/\/policlinicamariainmaculada.com\/index.php\/wp-json\/wp\/v2\/users\/4"}],"replies":[{"embeddable":true,"href":"https:\/\/policlinicamariainmaculada.com\/index.php\/wp-json\/wp\/v2\/comments?post=8509"}],"version-history":[{"count":4,"href":"https:\/\/policlinicamariainmaculada.com\/index.php\/wp-json\/wp\/v2\/pages\/8509\/revisions"}],"predecessor-version":[{"id":8520,"href":"https:\/\/policlinicamariainmaculada.com\/index.php\/wp-json\/wp\/v2\/pages\/8509\/revisions\/8520"}],"wp:attachment":[{"href":"https:\/\/policlinicamariainmaculada.com\/index.php\/wp-json\/wp\/v2\/media?parent=8509"}],"curies":[{"name":"wp","href":"https:\/\/api.w.org\/{rel}","templated":true}]}}